{"id":639,"date":"2024-01-04T12:49:42","date_gmt":"2024-01-04T12:49:42","guid":{"rendered":"https:\/\/www.centroinfertilita.it\/?page_id=639"},"modified":"2025-08-01T15:58:25","modified_gmt":"2025-08-01T13:58:25","slug":"prezzi","status":"publish","type":"page","link":"https:\/\/www.centroinfertilita.it\/en\/prezzi\/","title":{"rendered":"I nostri prezzi"},"content":{"rendered":"<p>[et_pb_section fb_built=&#8221;1&#8243; custom_padding_last_edited=&#8221;on|phone&#8221; admin_label=&#8221;Header&#8221; _builder_version=&#8221;4.21.0&#8243; _module_preset=&#8221;default&#8221; background_color=&#8221;#f9f6f5&#8243; use_background_color_gradient=&#8221;on&#8221; background_color_gradient_direction=&#8221;90deg&#8221; background_color_gradient_stops=&#8221;#ffffff 0%|rgba(255,255,255,0) 48%&#8221; background_color_gradient_overlays_image=&#8221;on&#8221; background_color_gradient_start=&#8221;#ffffff&#8221; background_color_gradient_end=&#8221;rgba(255,255,255,0)&#8221; background_color_gradient_end_position=&#8221;48%&#8221; background_enable_image=&#8221;off&#8221; custom_padding=&#8221;100px||||false|false&#8221; custom_padding_tablet=&#8221;60px||60px||true|false&#8221; custom_padding_phone=&#8221;30px||30px||true|false&#8221; background_last_edited=&#8221;on|tablet&#8221; use_background_color_gradient_tablet=&#8221;off&#8221; background_color_gradient_stops_tablet=&#8221;rgba(255,255,255,0.8) 0%|rgba(255,255,255,0.4) 100%&#8221; background_color_gradient_stops_phone=&#8221;rgba(255,255,255,0.8) 0%|rgba(255,255,255,0.9) 100%&#8221; background_color_gradient_overlays_image_tablet=&#8221;on&#8221; background_color_gradient_start_tablet=&#8221;rgba(255,255,255,0.8)&#8221; background_color_gradient_start_position_tablet=&#8221;0%&#8221; background_color_gradient_end_tablet=&#8221;rgba(255,255,255,0.4)&#8221; background_color_gradient_end_phone=&#8221;rgba(255,255,255,0.9)&#8221; background_color_gradient_end_position_tablet=&#8221;100%&#8221; locked=&#8221;off&#8221; global_colors_info=&#8221;{}&#8221;][et_pb_row column_structure=&#8221;3_5,2_5&#8243; _builder_version=&#8221;4.16&#8243; _module_preset=&#8221;default&#8221; hover_enabled=&#8221;0&#8243; global_colors_info=&#8221;{}&#8221; sticky_enabled=&#8221;0&#8243;][et_pb_column type=&#8221;3_5&#8243; _builder_version=&#8221;4.16&#8243; _module_preset=&#8221;default&#8221; z_index=&#8221;20&#8243; custom_padding=&#8221;||60px||false|false&#8221; global_colors_info=&#8221;{}&#8221;][et_pb_text _builder_version=&#8221;4.16&#8243; _module_preset=&#8221;default&#8221; header_font=&#8221;Poppins|600|||||||&#8221; header_text_color=&#8221;#005450&#8243; header_font_size=&#8221;80px&#8221; header_line_height=&#8221;1.2em&#8221; header_font_size_tablet=&#8221;40px&#8221; header_font_size_phone=&#8221;24px&#8221; header_font_size_last_edited=&#8221;on|phone&#8221; locked=&#8221;off&#8221; global_colors_info=&#8221;{}&#8221;]<\/p>\n<h1>I nostri prezzi<\/h1>\n<p>[\/et_pb_text][et_pb_text _builder_version=&#8221;4.21.0&#8243; _module_preset=&#8221;default&#8221; text_font=&#8221;Work Sans||||||||&#8221; text_font_size=&#8221;16px&#8221; text_line_height=&#8221;1.8em&#8221; max_width=&#8221;583px&#8221; text_font_size_tablet=&#8221;&#8221; text_font_size_phone=&#8221;14px&#8221; text_font_size_last_edited=&#8221;on|phone&#8221; locked=&#8221;off&#8221; global_colors_info=&#8221;{}&#8221;]<\/p>\n<p><strong><br \/><\/strong>Prezzo della ICSI in ciclo stimolato: 4500\u20ac<\/p>\n<p>Prezzo della ICSI in ciclo naturale: 2500\u20ac<\/p>\n<p><strong><\/strong><br \/>Biofertility ha previsto una tipologia di scontistica:<\/p>\n<p>&#8211; ISEE fino a 20.000\u20ac\u00a0<br \/>Chi ha ISEE fino a 20.000\u20ac usufruisce dello sconto pagando 3500\u20ac.<br \/>Se nel contempo vuole usufruire anche della finanziaria tasso 0 di<br \/>CLUB MEDICI di BANCA SELLA deve aggiungere 500\u20ac, quindi<br \/>paga 4000\u20ac.<\/p>\n<p>&nbsp;<\/p>\n<p>[\/et_pb_text][\/et_pb_column][et_pb_column type=&#8221;2_5&#8243; _builder_version=&#8221;4.16&#8243; _module_preset=&#8221;default&#8221; global_colors_info=&#8221;{}&#8221;][et_pb_image src=&#8221;https:\/\/aromando.it\/wp-content\/uploads\/2022\/12\/claudio-manna-1.png&#8221; title_text=&#8221;claudio-manna&#8221; show_bottom_space=&#8221;off&#8221; _builder_version=&#8221;4.19.3&#8243; _module_preset=&#8221;default&#8221; custom_margin=&#8221;|-10vw||-10vw|false|true&#8221; global_colors_info=&#8221;{}&#8221;][\/et_pb_image][\/et_pb_column][\/et_pb_row][\/et_pb_section]<\/p>","protected":false},"excerpt":{"rendered":"<p>I nostri prezziPrezzo della ICSI in ciclo stimolato: 4500\u20ac Prezzo della ICSI in ciclo naturale: 2500\u20ac Biofertility ha previsto una tipologia di scontistica: &#8211; ISEE fino a 20.000\u20ac\u00a0Chi ha ISEE fino a 20.000\u20ac usufruisce dello sconto pagando 3500\u20ac.Se nel contempo vuole usufruire anche della finanziaria tasso 0 diCLUB MEDICI di BANCA SELLA deve aggiungere 500\u20ac, [&hellip;]<\/p>","protected":false},"author":1,"featured_media":0,"parent":0,"menu_order":0,"comment_status":"closed","ping_status":"closed","template":"","meta":{"_et_pb_use_builder":"on","_et_pb_old_content":"[et_pb_section fb_built=\"1\" custom_padding_last_edited=\"on|phone\" admin_label=\"Header\" _builder_version=\"4.16\" _module_preset=\"default\" background_color=\"#f9f6f5\" use_background_color_gradient=\"on\" background_color_gradient_direction=\"90deg\" background_color_gradient_stops=\"#ffffff 0%|rgba(255,255,255,0) 48%\" background_color_gradient_overlays_image=\"on\" background_color_gradient_start=\"#ffffff\" background_color_gradient_end=\"rgba(255,255,255,0)\" background_color_gradient_end_position=\"48%\" background_enable_image=\"off\" custom_padding=\"100px||||false|false\" custom_padding_tablet=\"60px||60px||true|false\" custom_padding_phone=\"30px||30px||true|false\" background_last_edited=\"on|tablet\" use_background_color_gradient_tablet=\"off\" background_color_gradient_stops_tablet=\"rgba(255,255,255,0.8) 0%|rgba(255,255,255,0.4) 100%\" background_color_gradient_stops_phone=\"rgba(255,255,255,0.8) 0%|rgba(255,255,255,0.9) 100%\" background_color_gradient_overlays_image_tablet=\"on\" background_color_gradient_start_tablet=\"rgba(255,255,255,0.8)\" background_color_gradient_start_position_tablet=\"0%\" background_color_gradient_end_tablet=\"rgba(255,255,255,0.4)\" background_color_gradient_end_phone=\"rgba(255,255,255,0.9)\" background_color_gradient_end_position_tablet=\"100%\" locked=\"off\" global_colors_info=\"{}\"][et_pb_row column_structure=\"3_5,2_5\" _builder_version=\"4.16\" _module_preset=\"default\" global_colors_info=\"{}\"][et_pb_column type=\"3_5\" _builder_version=\"4.16\" _module_preset=\"default\" z_index=\"20\" custom_padding=\"||60px||false|false\" global_colors_info=\"{}\"][et_pb_text _builder_version=\"4.16\" _module_preset=\"default\" header_font=\"Poppins|600|||||||\" header_text_color=\"#005450\" header_font_size=\"80px\" header_line_height=\"1.2em\" header_font_size_tablet=\"40px\" header_font_size_phone=\"24px\" header_font_size_last_edited=\"on|phone\" locked=\"off\" global_colors_info=\"{}\"]<h1>Il direttore di Biofertility<\/h1>[\/et_pb_text][et_pb_text _builder_version=\"4.19.3\" _module_preset=\"default\" text_font=\"Work Sans||||||||\" text_font_size=\"16px\" text_line_height=\"1.8em\" max_width=\"583px\" hover_enabled=\"0\" text_font_size_tablet=\"\" text_font_size_phone=\"14px\" text_font_size_last_edited=\"on|phone\" locked=\"off\" global_colors_info=\"{}\" sticky_enabled=\"0\"]<p>Si laurea nel 1980 in Medicina e Chirurgia presso l\u2019Universit\u00e0 di Bologna, inizia a occuparsi di sterilit\u00e0 di coppia gi\u00e0 dal 1978, svolgendo una tesi sperimentale sulla microchirurgia delle tube. Si reca perci\u00f2 in Svezia presso Kurt Swolin all\u2019epoca maestro della microchirurgia nella cura dell\u2019infertilit\u00e0 tubarica. Ottiene numerose borse di studio del C.N.R. per stage di ricerca a Lione, a Copenhagen e presso l\u2019 Universit\u00e0 di Strasburgo dove venne eseguito per la prima volta al mondo il prelievo ecoguidato transvaginale degli ovociti (il moderno pick up ovocitario).<br \/>\u00c8 stato membro del Gruppo di Ricerca del Progetto Strategico C.N.R. sui \u201cMeccanismi molecolari del Processo Riproduttivo Biologico\u201d. Ha frequentato stages di perfezionamento nelle tecniche di Riproduzione Assistita presso la Bourn-Hall Clinic di Cambridge con il Prof. Edwards premio Nobel per la Medicina e inventore della Fivet. Ha frequentato la Cornell University di New York dove lavora il Prof. Palermo che ha inventato la ICSI. Ha svolto per anni formazione in counselling e psicoterapia della coppia con la finalit\u00e0 di migliorare la relazione medico-paziente proprio con le coppie infertili e personalizzare le terapie. E\u2019 stato per molti anni responsabile del laboratorio di PMA del centro da lui fondato all\u2019Ospedale S.Eugenio di Roma. A partire dal 1996 svolge attivit\u00e0 didattica in Tecniche di Fecondazione assistita sia nella Scuola di Specializzazione in Ginecologia ed Ostetricia sia nel Corso di Laurea per le Ostetriche dell\u2019Universit\u00e0 di Roma \u201cTor Vergata\u201d. \u00c8 stato Docente di Fisiologia della Riproduzione presso l\u2019Universit\u00e0 di Tirana (Albania). Ha al suo attivo decine di pubblicazioni scientifiche internazionali. Tra queste ricerche spicca quella sul riconoscimento tramite intelligenza artificiale della qualit\u00e0 di ovociti ed embrioni che ora continua a svolgere insieme con il dipartimento di ingegneria e robotica dell\u2019Universit\u00e0 di Genova. Si \u00e8 occupato anche di ostetricia ed ha fatto nascere all\u2019Ospedale S. Eugenio di Roma il primo bambino del 2000 in Italia. Dirige dal 1999 a Roma il Centro Biofertility di Procreazione Medicalmente Assistita. In sintesi da oltre 40 ani il Prof. Manna tratta l\u2019 infertilit\u00e0 e svolge la PMA sia come ginecologo che biologo con particolare attenzione agli aspetti psicologici dei pazienti. La personalizzazione delle cure specie nei casi pi\u00f9 difficili rappresenta perci\u00f2 l\u2019obiettivo principale del suo modo di intendere la medicina e la conseguenza naturale della sua lunga carriera.<\/p>[\/et_pb_text][\/et_pb_column][et_pb_column type=\"2_5\" _builder_version=\"4.16\" _module_preset=\"default\" global_colors_info=\"{}\"][et_pb_image src=\"https:\/\/aromando.it\/wp-content\/uploads\/2022\/12\/claudio-manna-1.png\" title_text=\"claudio-manna\" show_bottom_space=\"off\" _builder_version=\"4.19.3\" _module_preset=\"default\" custom_margin=\"|-10vw||-10vw|false|true\" global_colors_info=\"{}\"][\/et_pb_image][\/et_pb_column][\/et_pb_row][\/et_pb_section]","_et_gb_content_width":"","om_disable_all_campaigns":false,"_monsterinsights_skip_tracking":false,"_monsterinsights_sitenote_active":false,"_monsterinsights_sitenote_note":"","_monsterinsights_sitenote_category":0,"_uf_show_specific_survey":0,"_uf_disable_surveys":false,"footnotes":""},"class_list":["post-639","page","type-page","status-publish","hentry"],"aioseo_notices":[],"_links":{"self":[{"href":"https:\/\/www.centroinfertilita.it\/en\/wp-json\/wp\/v2\/pages\/639","targetHints":{"allow":["GET"]}}],"collection":[{"href":"https:\/\/www.centroinfertilita.it\/en\/wp-json\/wp\/v2\/pages"}],"about":[{"href":"https:\/\/www.centroinfertilita.it\/en\/wp-json\/wp\/v2\/types\/page"}],"author":[{"embeddable":true,"href":"https:\/\/www.centroinfertilita.it\/en\/wp-json\/wp\/v2\/users\/1"}],"replies":[{"embeddable":true,"href":"https:\/\/www.centroinfertilita.it\/en\/wp-json\/wp\/v2\/comments?post=639"}],"version-history":[{"count":0,"href":"https:\/\/www.centroinfertilita.it\/en\/wp-json\/wp\/v2\/pages\/639\/revisions"}],"wp:attachment":[{"href":"https:\/\/www.centroinfertilita.it\/en\/wp-json\/wp\/v2\/media?parent=639"}],"curies":[{"name":"wp","href":"https:\/\/api.w.org\/{rel}","templated":true}]}}