{"id":310,"date":"2023-02-04T12:07:39","date_gmt":"2023-02-04T12:07:39","guid":{"rendered":"https:\/\/aromando.it\/?page_id=310"},"modified":"2023-03-14T11:00:42","modified_gmt":"2023-03-14T11:00:42","slug":"la-storia-di-sofia","status":"publish","type":"page","link":"https:\/\/www.centroinfertilita.it\/en\/la-storia-di-sofia\/","title":{"rendered":"la storia di sofia"},"content":{"rendered":"<p>[et_pb_section fb_built=&#8221;1&#8243; custom_padding_last_edited=&#8221;on|phone&#8221; admin_label=&#8221;Header&#8221; _builder_version=&#8221;4.16&#8243; _module_preset=&#8221;default&#8221; background_color=&#8221;#f9f6f5&#8243; use_background_color_gradient=&#8221;on&#8221; background_color_gradient_direction=&#8221;90deg&#8221; background_color_gradient_stops=&#8221;#ffffff 0%|rgba(255,255,255,0) 48%&#8221; background_color_gradient_overlays_image=&#8221;on&#8221; background_color_gradient_start=&#8221;#ffffff&#8221; background_color_gradient_end=&#8221;rgba(255,255,255,0)&#8221; background_color_gradient_end_position=&#8221;48%&#8221; background_enable_image=&#8221;off&#8221; custom_padding=&#8221;100px||||false|false&#8221; custom_padding_tablet=&#8221;60px||60px||true|false&#8221; custom_padding_phone=&#8221;30px||30px||true|false&#8221; background_last_edited=&#8221;on|tablet&#8221; use_background_color_gradient_tablet=&#8221;off&#8221; background_color_gradient_stops_tablet=&#8221;rgba(255,255,255,0.8) 0%|rgba(255,255,255,0.4) 100%&#8221; background_color_gradient_stops_phone=&#8221;rgba(255,255,255,0.8) 0%|rgba(255,255,255,0.9) 100%&#8221; background_color_gradient_overlays_image_tablet=&#8221;on&#8221; background_color_gradient_start_tablet=&#8221;rgba(255,255,255,0.8)&#8221; background_color_gradient_start_position_tablet=&#8221;0%&#8221; background_color_gradient_end_tablet=&#8221;rgba(255,255,255,0.4)&#8221; background_color_gradient_end_phone=&#8221;rgba(255,255,255,0.9)&#8221; background_color_gradient_end_position_tablet=&#8221;100%&#8221; locked=&#8221;off&#8221; global_colors_info=&#8221;{}&#8221;][et_pb_row column_structure=&#8221;3_5,2_5&#8243; _builder_version=&#8221;4.19.3&#8243; _module_preset=&#8221;default&#8221; min_height=&#8221;416px&#8221; hover_enabled=&#8221;0&#8243; global_colors_info=&#8221;{}&#8221; sticky_enabled=&#8221;0&#8243;][et_pb_column type=&#8221;3_5&#8243; _builder_version=&#8221;4.16&#8243; _module_preset=&#8221;default&#8221; z_index=&#8221;20&#8243; custom_padding=&#8221;||60px||false|false&#8221; global_colors_info=&#8221;{}&#8221;][et_pb_text _builder_version=&#8221;4.19.3&#8243; _module_preset=&#8221;default&#8221; header_font=&#8221;Poppins|600|||||||&#8221; header_text_color=&#8221;#005450&#8243; header_font_size=&#8221;19px&#8221; header_line_height=&#8221;1.2em&#8221; header_font_size_tablet=&#8221;40px&#8221; header_font_size_phone=&#8221;24px&#8221; header_font_size_last_edited=&#8221;on|phone&#8221; locked=&#8221;off&#8221; global_colors_info=&#8221;{}&#8221;]<\/p>\n<h3 class=\"p1\"><span style=\"color: #808000;\"><b>L\u2019IMPORTANZA DI UN SOSTEGNO PSICOLOGICO <br \/><\/b><b>IN UN PERCORSO DI PMA:<br \/>LA STORIA DI SOFIA<\/b><\/span><\/h3>\n<p>[\/et_pb_text][et_pb_text _builder_version=&#8221;4.19.3&#8243; _module_preset=&#8221;default&#8221; text_font=&#8221;Work Sans||||||||&#8221; text_font_size=&#8221;16px&#8221; text_line_height=&#8221;1.8em&#8221; max_width=&#8221;390px&#8221; text_font_size_tablet=&#8221;&#8221; text_font_size_phone=&#8221;14px&#8221; text_font_size_last_edited=&#8221;on|phone&#8221; locked=&#8221;off&#8221; global_colors_info=&#8221;{}&#8221;]<\/p>\n<p class=\"p1\"><b>Dopo 5 anni di ricerche e tentativi, oggi Sofia racconta con emozione e gratitudine il suo percorso verso la realizzazione di un sogno.<\/b><\/p>\n<p class=\"p1\"><b>Leggiamo la sua intensa storia e i consigli di incoraggiamento di chi ce l\u2019ha fatta.<\/b><\/p>\n<p class=\"p1\"><b>\u00a0<\/b><\/p>\n<p>[\/et_pb_text][\/et_pb_column][et_pb_column type=&#8221;2_5&#8243; _builder_version=&#8221;4.16&#8243; _module_preset=&#8221;default&#8221; global_colors_info=&#8221;{}&#8221;][et_pb_image src=&#8221;https:\/\/aromando.it\/wp-content\/uploads\/2023\/02\/foto_storia_Sofia.jpeg&#8221; title_text=&#8221;foto_storia_Sofia&#8221; show_bottom_space=&#8221;off&#8221; _builder_version=&#8221;4.19.3&#8243; _module_preset=&#8221;default&#8221; custom_margin=&#8221;|-10vw||-10vw|false|true&#8221; hover_enabled=&#8221;0&#8243; global_colors_info=&#8221;{}&#8221; sticky_enabled=&#8221;0&#8243;][\/et_pb_image][\/et_pb_column][\/et_pb_row][et_pb_row _builder_version=&#8221;4.19.3&#8243; _module_preset=&#8221;default&#8221; global_colors_info=&#8221;{}&#8221;][et_pb_column type=&#8221;4_4&#8243; _builder_version=&#8221;4.19.3&#8243; _module_preset=&#8221;default&#8221; global_colors_info=&#8221;{}&#8221;][et_pb_text _builder_version=&#8221;4.19.3&#8243; _module_preset=&#8221;default&#8221; text_font_size=&#8221;15px&#8221; global_colors_info=&#8221;{}&#8221;]<\/p>\n<p class=\"p1\">Testimonianza di Sofia<\/p>\n<p class=\"p1\">Buongiorno a tutte,<\/p>\n<p class=\"p1\">finalmente \u00e8 arrivato il momento anche per noi di dare la nostra testimonianza.<\/p>\n<p class=\"p1\">Dopo 5 anni di ricerche e 3 FIVET \u00e8 arrivato il nostro\u00a0<b>primo positivo<\/b>\u00a0e di questo non possiamo che ringraziare il Prof. Manna, il suo staff, Cettina e anche la Dottoressa Verbicaro.<\/p>\n<p class=\"p1\">Vi racconto nel modo pi\u00f9 breve possibile la nostra storia sperando di poter aiutare ed\u00a0<b>incoraggiare\u00a0<\/b>chi di noi ancora non ci \u00e8 riuscita.<\/p>\n<p class=\"p1\"><b>Dopo due tentativi falliti, l\u2019incontro con il Prof Manna e il suo team<\/b><\/p>\n<p class=\"p1\"><b>\u00a0<\/b><\/p>\n<p class=\"p1\">Come vi dicevo, questo era il nostro\u00a0<b>terzo tentativo<\/b>, il\u00a0<b>primo\u00a0<\/b>che abbiamo fatto completamente\u00a0<b>con il Prof Manna<\/b>, dopo una prima FIVET fatta presso un altro centro e un secondo transfer fatto con il Prof. Manna ma con gli embrioni crioconservati dopo la stimolazione effettuata presso il primo centro.<\/p>\n<p class=\"p1\">Non vi dico a\u00a0<b>livello emotivo\u00a0<\/b>come eravamo partiti per affrontare questo terzo percorso, umore sotto i piedi, zero entusiasmo e tanta paura di un ennesimo negativo.<\/p>\n<p class=\"p1\">Dietro consiglio del Professore decidiamo di farci seguire anche dalla\u00a0<b>Dottoressa Verbicaro<\/b>, proprio per supportarci anche a livello emotivo.<\/p>\n<p class=\"p1\">Credo proprio che non ci avrebbe potuto dare suggerimento migliore, dentro di noi pensiamo che una buona parte del merito sulla riuscita di questo tentativo sia proprio sua, \u00e8 riuscita a farmi accettare questa situazione e ad a<b>ffrontare questo percorso nel migliore dei modi.<\/b><\/p>\n<p class=\"p1\"><b>Non mancano le sorprese<\/b><\/p>\n<p class=\"p1\">\u00c8 stato un percorso non privo di imprevisti, addirittura ad un certo punto si \u00e8 prospettata la possibilit\u00e0 di non arrivare al pick-up per<b>\u00a0rischio iperstimolo<\/b>.<\/p>\n<p class=\"p1\">Il Prof. per\u00f2 \u00e8 riuscito a guidare la nostra macchina, come dice lui, e a fare rientrare la situazione cos\u00ec siamo arrivati il 30\/11 al pick-up e addirittura il 02\/12 al transfer in 2\u00b0 giornata di 3 embrioni, di buona qualit\u00e0 ma non eccellenti a causa appunto del mio ovaio policistico.<\/p>\n<p class=\"p1\">Mi fa piacere condividere con voi un\u00a0<b>aneddoto\u00a0<\/b>del giorno del transfer che dal mio punto di vista \u00e8 molto suggestivo: durante il transfer ecoguidato il biologo si \u00e8 reso conto che<b>\u00a0uno dei tre embrioni era rimasto all&#8217;interno<\/b>\u00a0della &#8220;canulina&#8221; (non credo che questo sia il termine corretto ma credo si capisca ) e quindi hanno dovuto reinserirlo.<\/p>\n<p class=\"p1\">Ecco, in quel preciso momento ho provato una\u00a0<b>sensazione bellissima<\/b>, mi \u00e8 venuta la pelle d&#8217;oca e dentro di me ho pensato:\u00a0<i>se si attaccher\u00e0 un embrione quello che si attaccher\u00e0 sar\u00e0 lui.<\/i><\/p>\n<p class=\"p1\">Se \u00e8 lui o no non siamo riusciti a ricostruirlo per certo ma finalmente alle beta del 13 dicembre il nostro primo positivo.<\/p>\n<p class=\"p1\"><b>Il miracolo \u00e8 avvenuto!<\/b><\/p>\n<p class=\"p1\">Il nostro embrioncino si \u00e8 attaccato forte a me e adesso sono alla 14\u00b0 settimana. Lui sta benissimo, abbiamo saputo da poco che \u00e8 un bel maschietto e siamo veramente super felici!<\/p>\n<p class=\"p1\">Se mi posso permettere di dare un consiglio in base alla nostra esperienza, affidatevi a qualcuno che veramente vi segua a 360\u00b0, per il quale non esista sabato o domenica, come ha fatto il Professore con noi, tutto questo fa la differenza!!!<\/p>\n<p class=\"p2\"><b>Un immenso in bocca al lupo a tutte voi<\/b><\/p>\n<p>[\/et_pb_text][\/et_pb_column][\/et_pb_row][\/et_pb_section]<\/p>","protected":false},"excerpt":{"rendered":"<p>L\u2019IMPORTANZA DI UN SOSTEGNO PSICOLOGICO IN UN PERCORSO DI PMA:LA STORIA DI SOFIADopo 5 anni di ricerche e tentativi, oggi Sofia racconta con emozione e gratitudine il suo percorso verso la realizzazione di un sogno. Leggiamo la sua intensa storia e i consigli di incoraggiamento di chi ce l\u2019ha fatta. \u00a0Testimonianza di Sofia Buongiorno a [&hellip;]<\/p>","protected":false},"author":1,"featured_media":0,"parent":0,"menu_order":0,"comment_status":"closed","ping_status":"closed","template":"","meta":{"_et_pb_use_builder":"on","_et_pb_old_content":"","_et_gb_content_width":"","om_disable_all_campaigns":false,"_monsterinsights_skip_tracking":false,"_monsterinsights_sitenote_active":false,"_monsterinsights_sitenote_note":"","_monsterinsights_sitenote_category":0,"_uf_show_specific_survey":0,"_uf_disable_surveys":false,"footnotes":""},"class_list":["post-310","page","type-page","status-publish","hentry"],"aioseo_notices":[],"_links":{"self":[{"href":"https:\/\/www.centroinfertilita.it\/en\/wp-json\/wp\/v2\/pages\/310","targetHints":{"allow":["GET"]}}],"collection":[{"href":"https:\/\/www.centroinfertilita.it\/en\/wp-json\/wp\/v2\/pages"}],"about":[{"href":"https:\/\/www.centroinfertilita.it\/en\/wp-json\/wp\/v2\/types\/page"}],"author":[{"embeddable":true,"href":"https:\/\/www.centroinfertilita.it\/en\/wp-json\/wp\/v2\/users\/1"}],"replies":[{"embeddable":true,"href":"https:\/\/www.centroinfertilita.it\/en\/wp-json\/wp\/v2\/comments?post=310"}],"version-history":[{"count":0,"href":"https:\/\/www.centroinfertilita.it\/en\/wp-json\/wp\/v2\/pages\/310\/revisions"}],"wp:attachment":[{"href":"https:\/\/www.centroinfertilita.it\/en\/wp-json\/wp\/v2\/media?parent=310"}],"curies":[{"name":"wp","href":"https:\/\/api.w.org\/{rel}","templated":true}]}}